{"id":19,"date":"2013-05-08T23:49:23","date_gmt":"2013-05-08T21:49:23","guid":{"rendered":"http:\/\/setsign.de\/wordpress\/?page_id=19"},"modified":"2016-10-24T21:47:33","modified_gmt":"2016-10-24T19:47:33","slug":"prototyp-ryce","status":"publish","type":"page","link":"http:\/\/setsign.de\/wordpress\/?page_id=19","title":{"rendered":"RYCE: Empire of Sand"},"content":{"rendered":"<table>\n<tbody>\n<tr>\n<td valign=\"top\" width=\"40%\"><a href=\"http:\/\/setsign.de\/wordpress\/wp-content\/uploads\/2013\/05\/ryce_empireofsand_cover_final_1600px_rgb.jpg\"><img loading=\"lazy\" decoding=\"async\" class=\"size-medium wp-image-719 alignnone\" src=\"http:\/\/setsign.de\/wordpress\/wp-content\/uploads\/2013\/05\/ryce_empireofsand_cover_final_1600px_rgb-300x212.jpg\" alt=\"ryce_empireofsand_cover_final_1600px_rgb\" width=\"300\" height=\"212\" srcset=\"http:\/\/setsign.de\/wordpress\/wp-content\/uploads\/2013\/05\/ryce_empireofsand_cover_final_1600px_rgb-300x212.jpg 300w, http:\/\/setsign.de\/wordpress\/wp-content\/uploads\/2013\/05\/ryce_empireofsand_cover_final_1600px_rgb-1024x725.jpg 1024w, http:\/\/setsign.de\/wordpress\/wp-content\/uploads\/2013\/05\/ryce_empireofsand_cover_final_1600px_rgb.jpg 1600w\" sizes=\"auto, (max-width: 300px) 100vw, 300px\" \/><\/a><\/p>\n<p><a href=\"http:\/\/setsign.de\/wordpress\/wp-content\/uploads\/2013\/11\/CIMG5231.jpg\"><img loading=\"lazy\" decoding=\"async\" class=\"size-medium wp-image-409 alignleft\" src=\"http:\/\/setsign.de\/wordpress\/wp-content\/uploads\/2013\/11\/CIMG5231-300x225.jpg\" alt=\"CIMG5231\" width=\"300\" height=\"225\" srcset=\"http:\/\/setsign.de\/wordpress\/wp-content\/uploads\/2013\/11\/CIMG5231-300x225.jpg 300w, http:\/\/setsign.de\/wordpress\/wp-content\/uploads\/2013\/11\/CIMG5231-1024x768.jpg 1024w\" sizes=\"auto, (max-width: 300px) 100vw, 300px\" \/><\/a><\/p>\n<p><a href=\"http:\/\/setsign.de\/wordpress\/wp-content\/uploads\/2013\/11\/CIMG51771.jpg\"><img loading=\"lazy\" decoding=\"async\" class=\"size-medium wp-image-399 alignleft\" src=\"http:\/\/setsign.de\/wordpress\/wp-content\/uploads\/2013\/11\/CIMG51771-300x225.jpg\" alt=\"CIMG5177\" width=\"300\" height=\"225\" srcset=\"http:\/\/setsign.de\/wordpress\/wp-content\/uploads\/2013\/11\/CIMG51771-300x225.jpg 300w, http:\/\/setsign.de\/wordpress\/wp-content\/uploads\/2013\/11\/CIMG51771-1024x768.jpg 1024w\" sizes=\"auto, (max-width: 300px) 100vw, 300px\" \/><\/a><\/p>\n<p><a href=\"http:\/\/setsign.de\/wordpress\/wp-content\/uploads\/2013\/11\/CIMG5223.jpg\"><img loading=\"lazy\" decoding=\"async\" class=\"size-medium wp-image-408 alignleft\" src=\"http:\/\/setsign.de\/wordpress\/wp-content\/uploads\/2013\/11\/CIMG5223-300x225.jpg\" alt=\"CIMG5223\" width=\"300\" height=\"225\" srcset=\"http:\/\/setsign.de\/wordpress\/wp-content\/uploads\/2013\/11\/CIMG5223-300x225.jpg 300w, http:\/\/setsign.de\/wordpress\/wp-content\/uploads\/2013\/11\/CIMG5223-1024x768.jpg 1024w\" sizes=\"auto, (max-width: 300px) 100vw, 300px\" \/><\/a><\/td>\n<td valign=\"top\"><strong>Autor: <\/strong>Shav Braun<strong><br \/>\nVerlag: <\/strong>SetSign.de, Deutschland<strong><br \/>\nSpieleranzahl:<\/strong> 3-6<strong><br \/>\nSpieledauer: <\/strong>90-180min<strong><a title=\"Historie von Ryce\" href=\"http:\/\/setsign.de\/wordpress\/?page_id=23\"><br \/>\n<\/a>Komplexit\u00e4t: <\/strong>mittelhoch<strong><a title=\"Historie von Ryce\" href=\"http:\/\/setsign.de\/wordpress\/?page_id=23\"><br \/>\n<\/a>Gl\u00fccksfaktor: <\/strong>gering&nbsp;<\/p>\n<p><strong>Release: 21. M\u00e4rz 2014<\/strong><\/p>\n<p><a href=\"https:\/\/boardgamegeek.com\/boardgame\/143254\/ryce-empire-sand\">https:\/\/boardgamegeek.com\/boardgame\/143254\/ryce-empire-sand<\/a><\/p>\n<p>Ein \u201efriedlicher\u201c Wettstreit zwischen 3-6 Nationen (USA, Europa, Russland, Japan, China und Indien) um Rohstoffe, Rohstoffquellen und Einfluss auf dem Mars. Positioniere Deine Einheiten geschickt, ernte Ressourcen und setzte diese effizient ein, um Einfluss bei einer von 3 Fraktionen zu gewinnen oder die Technologien Deiner Nation zu verbessern. Baue oder erobere Rohstoffquellen, verbessere Deine Sammlerrouten durch Tunnelbau, nutze Deinen Einfluss um Deine Nation voranzubringen, oder eine andere Nation zu blockieren, um am Ende den Sieg f\u00fcr Dich zu erringen. Aber pass auf die Kriecher auf!<\/p>\n<p><strong>RYCE: Empire of Sand<\/strong> ist am 21. M\u00e4rz 2014 in einer limitierten Erstauflage erschienen und derzeit ausverkauft.<\/p>\n<p><strong>Aktuelle Downloads zu RYCE: Empire of Sand:<\/strong><br \/>\n<a href=\"http:\/\/www.setsign.de\/RYCE_Empire_of_Sand_Spielanleitung_DE_V1.00.pdf\"><br \/>\nRYCE: Empire of Sand &#8211; Spielanleitung DE V1.00<\/a><br \/>\n<a href=\"http:\/\/setsign.de\/wordpress\/wp-content\/uploads\/2014\/08\/Ryce_spielanleitung_EN_V1.10_small.pdf\">RYCE: Empire of Sand &#8211; Spielanleitung EN V1.10<\/a><br \/>\n<a href=\"http:\/\/setsign.de\/wordpress\/wp-content\/uploads\/2014\/08\/Ryce_variante_mars_strategen_v070.pdf\">RYCE: Empire of Sand &#8211; Variante &#8222;Mars-Strategen&#8220; DE V0.7<\/a><\/p>\n<p><span style=\"text-decoration: underline;\"><strong>Mehr Details zu RYCE: Empire of Sand:<\/strong><\/span><\/p>\n<p><a href=\"http:\/\/setsign.de\/wordpress\/?page_id=463\">RYCE -Die Geschichte<\/a><\/p>\n<p><a href=\"http:\/\/setsign.de\/wordpress\/?page_id=466\">RYCE &#8211; Worum geht&#8217;s?<\/a><\/p>\n<p><a href=\"http:\/\/setsign.de\/wordpress\/?page_id=809\">RYCE &#8211; FAQ (H\u00e4ufig gestellte Fragen)<\/a><\/p>\n<p><a href=\"http:\/\/setsign.de\/wordpress\/?page_id=1206\">RYCE &#8211; Infos zur Erstauflage<\/a><\/p>\n<p>&nbsp;<\/p>\n<p><strong>\u00a0<\/strong><\/td>\n<\/tr>\n<\/tbody>\n<\/table>\n","protected":false},"excerpt":{"rendered":"<p>Autor: Shav Braun Verlag: SetSign.de, Deutschland Spieleranzahl: 3-6 Spieledauer: 90-180min Komplexit\u00e4t: mittelhoch Gl\u00fccksfaktor: gering&nbsp; Release: 21. M\u00e4rz 2014 https:\/\/boardgamegeek.com\/boardgame\/143254\/ryce-empire-sand Ein [&hellip;]<\/p>\n","protected":false},"author":2,"featured_media":0,"parent":0,"menu_order":0,"comment_status":"open","ping_status":"open","template":"","meta":{"_exactmetrics_skip_tracking":false,"_exactmetrics_sitenote_active":false,"_exactmetrics_sitenote_note":"","_exactmetrics_sitenote_category":0,"site-sidebar-layout":"default","site-content-layout":"","ast-site-content-layout":"default","site-content-style":"default","site-sidebar-style":"default","ast-global-header-display":"","ast-banner-title-visibility":"","ast-main-header-display":"","ast-hfb-above-header-display":"","ast-hfb-below-header-display":"","ast-hfb-mobile-header-display":"","site-post-title":"","ast-breadcrumbs-content":"","ast-featured-img":"","footer-sml-layout":"","ast-disable-related-posts":"","theme-transparent-header-meta":"","adv-header-id-meta":"","stick-header-meta":"","header-above-stick-meta":"","header-main-stick-meta":"","header-below-stick-meta":"","astra-migrate-meta-layouts":"default","ast-page-background-enabled":"default","ast-page-background-meta":{"desktop":{"background-color":"var(--ast-global-color-5)","background-image":"","background-repeat":"repeat","background-position":"center center","background-size":"auto","background-attachment":"scroll","background-type":"","background-media":"","overlay-type":"","overlay-color":"","overlay-opacity":"","overlay-gradient":""},"tablet":{"background-color":"","background-image":"","background-repeat":"repeat","background-position":"center center","background-size":"auto","background-attachment":"scroll","background-type":"","background-media":"","overlay-type":"","overlay-color":"","overlay-opacity":"","overlay-gradient":""},"mobile":{"background-color":"","background-image":"","background-repeat":"repeat","background-position":"center center","background-size":"auto","background-attachment":"scroll","background-type":"","background-media":"","overlay-type":"","overlay-color":"","overlay-opacity":"","overlay-gradient":""}},"ast-content-background-meta":{"desktop":{"background-color":"var(--ast-global-color-4)","background-image":"","background-repeat":"repeat","background-position":"center center","background-size":"auto","background-attachment":"scroll","background-type":"","background-media":"","overlay-type":"","overlay-color":"","overlay-opacity":"","overlay-gradient":""},"tablet":{"background-color":"var(--ast-global-color-4)","background-image":"","background-repeat":"repeat","background-position":"center center","background-size":"auto","background-attachment":"scroll","background-type":"","background-media":"","overlay-type":"","overlay-color":"","overlay-opacity":"","overlay-gradient":""},"mobile":{"background-color":"var(--ast-global-color-4)","background-image":"","background-repeat":"repeat","background-position":"center center","background-size":"auto","background-attachment":"scroll","background-type":"","background-media":"","overlay-type":"","overlay-color":"","overlay-opacity":"","overlay-gradient":""}},"footnotes":""},"class_list":["post-19","page","type-page","status-publish","hentry"],"_links":{"self":[{"href":"http:\/\/setsign.de\/wordpress\/index.php?rest_route=\/wp\/v2\/pages\/19","targetHints":{"allow":["GET"]}}],"collection":[{"href":"http:\/\/setsign.de\/wordpress\/index.php?rest_route=\/wp\/v2\/pages"}],"about":[{"href":"http:\/\/setsign.de\/wordpress\/index.php?rest_route=\/wp\/v2\/types\/page"}],"author":[{"embeddable":true,"href":"http:\/\/setsign.de\/wordpress\/index.php?rest_route=\/wp\/v2\/users\/2"}],"replies":[{"embeddable":true,"href":"http:\/\/setsign.de\/wordpress\/index.php?rest_route=%2Fwp%2Fv2%2Fcomments&post=19"}],"version-history":[{"count":59,"href":"http:\/\/setsign.de\/wordpress\/index.php?rest_route=\/wp\/v2\/pages\/19\/revisions"}],"predecessor-version":[{"id":1245,"href":"http:\/\/setsign.de\/wordpress\/index.php?rest_route=\/wp\/v2\/pages\/19\/revisions\/1245"}],"wp:attachment":[{"href":"http:\/\/setsign.de\/wordpress\/index.php?rest_route=%2Fwp%2Fv2%2Fmedia&parent=19"}],"curies":[{"name":"wp","href":"https:\/\/api.w.org\/{rel}","templated":true}]}}